{"id":9849,"date":"2018-09-06T10:28:20","date_gmt":"2018-09-06T08:28:20","guid":{"rendered":"http:\/\/helwecja.amu.edu.pl\/?page_id=9849"},"modified":"2019-02-21T22:39:47","modified_gmt":"2019-02-21T21:39:47","slug":"czlonkowie","status":"publish","type":"page","link":"http:\/\/helwecja.amu.edu.pl\/en\/czlonkowie\/","title":{"rendered":"Members"},"content":{"rendered":"<p><\/p>\n<h1>Cz\u0142onkowie<\/h1>\n<h3 class=\"toggle\"><strong><a href=\"#\">Prof. dr hab. Tadeusz Wallas (UAM)<\/a><\/strong><\/h3><div class=\"toggle-box\" style=\"display: none;\"><p><\/p>\n<p><strong>Tadeusz Wallas<\/strong>\u00a0\u2013 dziekan Wydzia\u0142u Nauk Politycznych i Dziennikarstwa UAM w Poznaniu, kierownik Zak\u0142adu Kultury Politycznej.<\/p><\/div>\n<h3 class=\"toggle\"><strong><a href=\"#\">Prof. dr hab. Magdalena Musia\u0142-Karg (UAM)<\/a><\/strong><\/h3><div class=\"toggle-box\" style=\"display: none;\"><p><\/p>\n<p><strong>Magdalena Musia\u0142-Karg<\/strong> \u2013 adiunkt na Wydziale Nauk Politycznych i Dziennikarstwa Uniwersytetu im. Adama Mickiewicza w Poznaniu. Stypendystka w ramach program\u00f3w:\u00a0 Europa Fellows oraz KAAD. Specjalizuje si\u0119 w zagadnieniach zwi\u0105zanych z demokracj\u0105 bezpo\u015bredni\u0105 oraz wykorzystaniem nowych technologii w systemach demokratycznych, ze szczeg\u00f3lnym uwzgl\u0119dnieniem proces\u00f3w wyborczych (<em>e-voting<\/em>). Opublikowa\u0142a m.in. <em>Elektroniczne referendum w Szwajcarii. Wybrane kierunki zmian helweckiej demokracji bezpo\u015bredniej<\/em>, Wydawnictwo WNPiD UAM, Pozna\u0144 2012.<\/p>\n<p><a href=\"\/en\/magdalena-musial-karg\/\">See more<\/a><\/p><\/div>\n<h3 class=\"toggle\"><strong><a href=\"#\">Prof. nzw. dr hab. Agnieszka St\u0119pkowska (US)<\/a><\/strong><\/h3><div class=\"toggle-box\" style=\"display: none;\"><p><\/p>\n<p><strong>Agnieszka St\u0119pkowska<\/strong> \u2013 associate professor at the University of Szczecin. She is a graduate of English studies at Adam Mickiewicz University in Pozna\u0144. She received her Ph.D. in English linguistics from Adam Mickiewicz University. Since 1999 she has been a certified translator and court interpreter of English. She also knows German (ZOP \u2013 C2 level) and Italian (CELI 3 \u2013 B2 level). She was awarded a postdoctoral degree in linguistics with a sociolinguistic major at the University of Wroc\u0142aw. Her research interests focus on multilingualism which she explores in her monograph <em>Multilingualism and English \u2013 The canton of Zurich as a linguistic paradigm<\/em>, Peter Lang, 2013.<\/p>\n<p><a href=\"\/~helwecja\/agnieszka-stepkowska\/\">See more<\/a><\/p><\/div>\n<h3 class=\"toggle\"><strong><a href=\"#\">Prof. dr hab. Tomasz R. Szymczy\u0144ski (UAM)<\/a><\/strong><\/h3><div class=\"toggle-box\" style=\"display: none;\"><p><\/p>\n<p><strong>Tomasz R. Szymczy\u0144ski<\/strong> \u2013 Professor at the Faculty of Political Science and Journalism at Adam Mickiewicz University in Pozna\u0144 \u2013 Poland (since 2003). PhD thesis defended at Institute of Political Science and Journalism (Faculty of Social Sciences &#8211; FSS AMU). Holder of the Europa Fellows Scholarship, within which six semesters he was matriculated at the Faculty of\u00a0 Cultural Studies (DE: Kulturwissenschaften Fakult\u00e4t) at Europa University Viadrina \u2013 EUV in Frankfurt\/Oder as a participant of doctoral studies (2000-2003). MA thesis defended at Institute of Sociology FSS AMU (1998). MA Graduate of the European Studies at the Faculty of Law and Administration (1993-1998).<\/p>\n<p><a href=\"\/en\/tomasz-r-szymczynski\/\">See more<\/a><\/p><\/div>\n<h3 class=\"toggle\"><strong><a href=\"#\">Dr Marcin Rachwa\u0142 (UAM)<\/a><\/strong><\/h3><div class=\"toggle-box\" style=\"display: none;\"><p><\/p>\n<p><strong>Marcin Rachwa\u0142\u00a0\u2013\u00a0<\/strong>Ph.D., graduated in political science and history from Adam Mickiewicz University in Pozna\u0144. My research interests are focused on the issues of democracy, political elites, election law and civic society. My interests also involve matters of the political transformation in Poland and Central and Eastern Europe. I am the author of dozens of papers and a monograph Demokracja bezpo\u015brednia w procesie kszta\u0142towania si\u0119 spo\u0142ecze\u0144stwa obywatelskiego w Polsce [Direct democracy in the process of formation of a civic society in Poland] (Warszawa 2010).<\/p>\n<p><a href=\"\/en\/marcin-rachwal\/\">See more<\/a><\/p><\/div>\n<h3 class=\"toggle\"><strong><a href=\"#\">Dr Krzysztof Duda (UAM)<\/a><\/strong><\/h3><div class=\"toggle-box\" style=\"display: none;\"><p><\/p>\n<p><strong>Krzysztof Duda<\/strong>\u00a0\u2013 adiunkt w Zak\u0142adzie Kultury Politycznej Wydzia\u0142u Nauk Politycznych i Dziennikarstwa Uniwersytetu im. Adama Mickiewicza w Poznaniu. Jego zainteresowania naukowe koncentruj\u0105 si\u0119 wok\u00f3\u0142 problematyki ustroj\u00f3w politycznych i system\u00f3w wyborczych, w szczeg\u00f3lno\u015bci Szwajcarii i innych pa\u0144stw niemieckoj\u0119zycznych.<\/p>\n<p><a href=\"\/en\/krzysztof-duda\/\">See more<\/a><\/p><\/div>\n<h3 class=\"toggle\"><strong><a href=\"#\">Dr Marcin \u0141ukaszewski (UAM)<\/a><\/strong><\/h3><div class=\"toggle-box\" style=\"display: none;\"><p><\/p>\n<p><strong>Marcin \u0141ukaszewski <\/strong>\u2013 PhD student of the Faculty of Political Science and Journalism of Adam Mickiewicz University in Pozna\u0144 and scholarship holder of Polish Minister of Science and Higher Education. He is interested in issues related to political systems with particular emphasis on European countries. His research interests are focused primarily on European microstates (Andorra, Liechtenstein, Monaco, San Marino, Vatican City).<\/p>\n<p><a href=\"\/en\/marcin-lukaszewski\/\">See more<\/a><\/p><\/div>\n<h3 class=\"toggle\"><strong><a href=\"#\">Dr hab. Magdalena Ratajczak (UWr)<\/a><\/strong><\/h3><div class=\"toggle-box\" style=\"display: none;\"><p><\/p>\n<p><strong>Magdalena Ratajczak<\/strong>\u00a0\u2013 dr hab., assistant professor at the Institute of International Studies, University of Wroclaw (Section of International Communication). Areas of expertise: transcultural communication, diaspora and ethnic media in Europe, studies in cultural pluralism in European media, Swiss multiculturality and Swiss media system. Author or editor of 5 books and monographs, 35 articles and book chapters in Polish and English.<\/p>\n<p><a href=\"\/en\/magdalena-ratajczak\/\">See more<\/a><\/p><\/div>\n<h3 class=\"toggle\"><strong><a href=\"#\">Dr hab. Krzysztof Ko\u017abia\u0142 (UJ)<\/a><\/strong><\/h3><div class=\"toggle-box\" style=\"display: none;\"><p><\/p>\n<p><strong>Krzysztof Ko\u017abia\u0142<\/strong>\u00a0\u2013 adiunkt w Instytucie Europeistyki Uniwersytetu Jagiello\u0144skiego w Krakowie (Wydzia\u0142 Studi\u00f3w Mi\u0119dzynarodowych i Politycznych), wyk\u0142adowca w Instytucie Politologii PWSZ im. rotmistrza W. Pileckiego w O\u015bwi\u0119cimiu. Stypendysta wielu program\u00f3w naukowych i badawczych. Specjalizuje si\u0119 przede wszystkim w zagadnieniach zwi\u0105zanych z procesami integracji Starego Kontynentu oraz w tematyce politologicznej i historycznej zwi\u0105zanej z pa\u0144stwami niemieckoj\u0119zycznymi, w szczeg\u00f3lno\u015bci z Liechtensteinem.<\/p>\n<p><a href=\"http:\/\/helwecja.amu.edu.pl\/krzysztof-kozbial\/\">See more<\/a><\/p><\/div>\n<h3 class=\"toggle\"><strong><a href=\"#\">Dr Micha\u0142 Tomczyk (U\u0141)<\/a><\/strong><\/h3><div class=\"toggle-box\" style=\"display: none;\"><p><\/p>\n<p><strong>Micha\u0142 Tomczyk<\/strong>\u00a0\u2013 doktor nauk politycznych. Absolwent studi\u00f3w doktoranckich na Wydziale Studi\u00f3w Mi\u0119dzynarodowych i Politologicznych Uniwersytetu \u0141\u00f3dzkiego. Jego zainteresowania naukowe skupione s\u0105 wok\u00f3\u0142 polityki i historii kraj\u00f3w niemieckiego obszaru j\u0119zykowego, w szczeg\u00f3lno\u015bci Szwajcarii, a tak\u017ce proces\u00f3w integracyjnych w Europie.<\/p>\n<p><a href=\"\/en\/michal-tomczyk\/\">See more<\/a><\/p><\/div>\n<h3 class=\"toggle\"><strong><a href=\"#\">Dr Tadeusz Branecki (WSSMiKS, Che\u0142m)<\/a><\/strong><\/h3><div class=\"toggle-box\" style=\"display: none;\"><p><\/p>\n<p><strong>Tadeusz Branecki \u2013\u00a0<\/strong>PhD in law, worked as a lecturer at the Studium Generale Sandomiriense (Law&amp;Economy Faculty) and Higher School of International Relations and Social Communication in Chelm (Faculty of Social Sciences). His research interests include history of the political system of the Swiss Confederation and her cantons. Member of the Board of the Politisch Association of Political Science Departament of Chelm<\/p>\n<p><a href=\"\/en\/tadeusz-branecki\/\">See more<\/a><\/p><\/div>\n<h3 class=\"toggle\"><strong><a href=\"#\">Dr Katarzyna Krzywi\u0144ska (KUL)<\/a><\/strong><\/h3><div class=\"toggle-box\" style=\"display: none;\"><p><\/p>\n<p><strong>Katarzyna Krzywi\u0144ska<\/strong> \u2013 PhD in political science, worked as a lecturer at the Catholic University of Lublin &#8211; Campus Faculty of Legal Studies and Economic Sciences in Tomasz\u00f3w Lubelski (Department of History\u00a0 and Political Science). Her research interests include contemporary political systems, political theory, the political system of the Swiss Confederation, international relations and international security. Member of the Board of the Polish Association of Political Science Department of Chelm. Press Coordinator of the Faculty of International Relations WZNPiE KUL in Tomasz\u00f3w Lubelski.<\/p>\n<p><a href=\"\/en\/katarzyna-krzywinska\/\">See more<\/a><\/p><\/div>\n<h3 class=\"toggle\"><strong><a href=\"#\">Dr Agnieszka Nitszke (UJ)<\/a><\/strong><\/h3><div class=\"toggle-box\" style=\"display: none;\"><p><\/p>\n<p><strong>Agnieszka Nitszke <\/strong>\u2013 doktor nauk humanistycznych w zakresie nauk o polityce, pracownik w Katedrze Teorii i Strategii Stosunk\u00f3w Mi\u0119dzynarodowych Instytutu Nauk Politycznych i Stosunk\u00f3w Mi\u0119dzynarodowych UJ. W pracy naukowej zajmuje si\u0119 problematyk\u0105 integracji europejskiej oraz rol\u0105, znaczeniem i wp\u0142ywem partii politycznych na procesy integracyjne.<\/p>\n<p><a href=\"\/en\/agnieszka-nitszke\/\">See more<\/a><\/p><\/div>\n<h3 class=\"toggle\"><strong><a href=\"#\">Dr Magdalena Perkowska (UwB)<\/a><\/strong><\/h3><div class=\"toggle-box\" style=\"display: none;\"><p><\/p>\n<p><strong>Magdalena Perkowska<\/strong> \u2013 Assistant Professor at The faculty of Law University of Bialystok\u00a0 Her areas of interest concern: criminal law, criminology with special emphasis on the foreigners\u2019 criminality and border criminality Swiss criminal law. She received scholarship at the Faculty of Law, University of Bern, Switzerland in 2009. Dr Perkowska is LLP-Erasmus Outgoing Staff and Students Coordinator at her home Law Faculty.<\/p>\n<p><a href=\"\/en\/magdalena-perkowska\/\">See more<\/a><\/p><\/div>\n<h3 class=\"toggle\"><strong><a href=\"#\">Dr Ewa My\u015blak (UJ)<\/a><\/strong><\/h3><div class=\"toggle-box\" style=\"display: none;\"><p><\/p>\n<p><strong>Ewa My\u015blak<\/strong>\u00a0\u2013 a graduate in political science, European studies and the Inter-Faculty American Studies at the Jagiellonian University; PhD in political science; assistant professor in the Department of Modern Political Systems at the Institute of Political Science and International Relations at the Jagiellonian University. The main areas of her research interests are political systems, institutions of direct democracy, and central banking. The author of the monograph<em> The National Bank of Poland within the political system of Republic of Poland<\/em>, Krak\u00f3w 2013 and numerous articles and papers on the abovementioned topics.<\/p>\n<p><a href=\"\/en\/ewa-myslak\/\">See more<\/a><\/p><\/div>\n<h3 class=\"toggle\"><strong><a href=\"#\">Dr El\u017cbieta Ku\u017celewska (UwB)<\/a><\/strong><\/h3><div class=\"toggle-box\" style=\"display: none;\"><p>\n<p><strong>El\u017cbieta Ku\u017celewska<\/strong>\u00a0\u2013 Head of the Centre for Direct Democracy Studies established in 2011 at the Faculty of Law, University of Bialystok, Poland. Author of publications on direct democracy, European integration and political systems in comparative perspective.<\/p>\n<p><a href=\"\/en\/elzbieta-kuzelewska\/\">See more<\/a><\/p><\/div><\/p>","protected":false},"excerpt":{"rendered":"<p>Cz\u0142onkowie<\/p>\n","protected":false},"author":1,"featured_media":0,"parent":0,"menu_order":0,"comment_status":"closed","ping_status":"closed","template":"","meta":{"footnotes":""},"class_list":["post-9849","page","type-page","status-publish","hentry"],"_links":{"self":[{"href":"http:\/\/helwecja.amu.edu.pl\/en\/wp-json\/wp\/v2\/pages\/9849","targetHints":{"allow":["GET"]}}],"collection":[{"href":"http:\/\/helwecja.amu.edu.pl\/en\/wp-json\/wp\/v2\/pages"}],"about":[{"href":"http:\/\/helwecja.amu.edu.pl\/en\/wp-json\/wp\/v2\/types\/page"}],"author":[{"embeddable":true,"href":"http:\/\/helwecja.amu.edu.pl\/en\/wp-json\/wp\/v2\/users\/1"}],"replies":[{"embeddable":true,"href":"http:\/\/helwecja.amu.edu.pl\/en\/wp-json\/wp\/v2\/comments?post=9849"}],"version-history":[{"count":10,"href":"http:\/\/helwecja.amu.edu.pl\/en\/wp-json\/wp\/v2\/pages\/9849\/revisions"}],"predecessor-version":[{"id":9955,"href":"http:\/\/helwecja.amu.edu.pl\/en\/wp-json\/wp\/v2\/pages\/9849\/revisions\/9955"}],"wp:attachment":[{"href":"http:\/\/helwecja.amu.edu.pl\/en\/wp-json\/wp\/v2\/media?parent=9849"}],"curies":[{"name":"wp","href":"https:\/\/api.w.org\/{rel}","templated":true}]}}