{"id":86,"date":"2013-05-22T15:01:54","date_gmt":"2013-05-22T13:01:54","guid":{"rendered":"http:\/\/helwecja.amu.edu.pl\/?page_id=86"},"modified":"2018-12-22T23:41:20","modified_gmt":"2018-12-22T22:41:20","slug":"magdalena-musial-karg","status":"publish","type":"page","link":"http:\/\/helwecja.amu.edu.pl\/en\/o-grupie-badawczej\/magdalena-musial-karg\/","title":{"rendered":"Magdalena Musia\u0142-Karg"},"content":{"rendered":"<p><\/p>\n<p style=\"text-align: justify;\"><b><a href=\"http:\/\/helwecja.amu.edu.pl\/wp-content\/uploads\/2018\/03\/MMK.jpg\"><img loading=\"lazy\" decoding=\"async\" class=\"alignleft  wp-image-1258\" src=\"http:\/\/helwecja.amu.edu.pl\/wp-content\/uploads\/2018\/03\/MMK.jpg\" alt=\"\" width=\"208\" height=\"312\" srcset=\"http:\/\/helwecja.amu.edu.pl\/wp-content\/uploads\/2018\/03\/MMK.jpg 500w, http:\/\/helwecja.amu.edu.pl\/wp-content\/uploads\/2018\/03\/MMK-200x300.jpg 200w\" sizes=\"auto, (max-width: 208px) 100vw, 208px\" \/><\/a>Magdalena Musia\u0142-Karg<\/b> \u2013 Assistant Professor at the Faculty of Political Science and Journalism of Adam Mickiewicz University in Pozna\u0144. Specializes in fields connected with direct democracy and implementation of modern technologies into voting processes (e-voting). The author\u2019s scholarly and research interests focus also on the issues connected with the political participation, role of women in politics and transborder cooperation on the borderline of Poland and Germany.<\/p>\n<p style=\"text-align: justify;\"><b>E-mail: <\/b><em><a href=\"mailto:magda.musial@interia.pl\">magda.musial@interia.pl<\/a>; <a href=\"mailto:magdalena.musial-karg@amu.edu.pl\">magdalena.musial-karg@amu.edu.pl<\/a><\/em><\/p>\n<p style=\"text-align: center;\"><b>Education, awarded diplomas, academic degrees <\/b><\/p>\n<p style=\"text-align: justify;\">Magdalena Musia\u0142-Karg has graduated from two faculties: political sciences and management and marketing. She completed her bachelor&#8217;s degree studies in political sciences at Adam Mickiewicz University in Pozna\u0144 and in 2002 defended her BA dissertation entitled: &#8220;<i>Referendum w systemie demokracji bezpo\u015bredniej Szwajcarii<\/i>&#8221; (A referendum in Switzerland&#8217;s system of direct democracy<i>)<\/i> and written under the supervision of dr Tadeusz Wallas. In 2002 she took up post-bachelor master&#8217;s degree studies at the faculty of Master of European Political Studies\/Political science, conducted at two universities: Adam Mickiewicz University in Pozna\u0144 and European University Viadrina in Frankfurt on the Oder. She completed her master&#8217;s degree studies with the defence of my MA dissertation entitled: &#8220;<i>The role of referendum institution in the European integration process<\/i>&#8221; written under the supervision of Prof. Timm Beichelt (EUV), and in June 2004 she was awarded a master&#8217;s diploma at Adam Mickiewicz University in Pozna\u0144. Concurrently with the political science, she was completing her master&#8217;s degree course in management and marketing at the University of Zielona G\u00f3ra. She graduated in June 2003, defending her MA dissertation entitled: &#8220;<i>Szanse i zagro\u017cenia polskiego rolnictwa w stowarzyszeniu z Uni\u0105 Europejsk\u0105<\/i>&#8221; (Opportunities and threats for the Polish agriculture in association with the European Union) written under the supervision of dr hab. in\u017c. Magdalena Graczyk, professor at the University of Zielona G\u00f3ra.<\/p>\n<p style=\"text-align: justify;\">In October 2003 she started my doctoral studies at Adam Mickiewicz University in Pozna\u0144 under a scholarship programme Europa Fellows II financed by Bundesministerium f\u00fcr Bildung und Forschung (<i>the Federal Ministry of Education and Research<\/i>) in Germany. After completing the Europa Fellows programme, for the period from June 2006 to January 2007 she was granted a doctoral scholarship under the Osteuropa programme financed by Katholischer Akademischer Ausl\u00e4nder Dienst. I defended my doctoral dissertation entitled: &#8220;<i>Referendum jako instytucja demokracji bezpo\u015bredniej w pa\u0144stwach europejskich&#8221; (<\/i>A referendum as an institution of direct democracy in European countries), written under the supervision of prof. dr hab. Andrzej Stelmach, on 29 January 2007, and she was awarded doctor&#8217;s degree in humanistic sciences in the field of political science.<\/p>\n<p style=\"text-align: justify;\">On February 10<sup>th<\/sup>, 2014 she was granted a habilitation degree for the scinetfic achievement: <b><i>Determinants and consequences of using electronic voting in contemporary democracy<\/i><\/b><\/p>\n<p style=\"text-align: center;\" align=\"center\"><b>List of main publications (2007-2013)<\/b><\/p>\n<p style=\"text-align: justify;\"><b>&nbsp;Book (in Polish)<\/b><\/p>\n<ol style=\"text-align: justify;\">\n<li>M. Musia\u0142-Karg&nbsp; (2008), [<i>Referendum in the European states. <\/i><i>Theory, Practice, Perspectives]Referendum w pa\u0144stwach europejskich. Teoria, praktyka, perspektywy<\/i>,&nbsp; Adam Marsza\u0142ek Publisher, Toru\u0144, p. 416.<\/li>\n<li>Ja\u0144czak J., Musia\u0142-Karg M., Secler B., [<i>Local elections<\/i><i> in the Lubuskie, Pomerania and Wielkopolska Region. Historical boundaries, relationships center-periphery and voting behavior] Wybory samorz\u0105dowe na Ziemi Lubuskiej, Pomorzu i w Wielkopolsce. Granice historyczne i relacje centra-peryferia a zachowania wyborcze<\/i>, Adam Marsza\u0142ek Publisher, Toru\u0144 2013, s. 307.<\/li>\n<li>M. Musia\u0142-Karg, 2012, [<i>Electronic referendum in Switzerland. Selected directions of evolution of the Helvetian direct democracy] Elektroniczne referendum w Szwajcarii. Wybrane kierunki zmian helweckiej demokracji bezpo\u015bredniej<\/i>, Publishing House of the Faculty of Political Science and Journalism \u2013 Adam Mickiewicz University, Pozna\u0144, p. 261;<\/li>\n<\/ol>\n<p style=\"text-align: justify;\">&nbsp;<b> Books edited and co-edited (in Polish)<\/b><\/p>\n<ol>\n<li><i>[Europe of the 21st Century. Perspectives and conditions for the European integration<\/i>, ed. M. Musia\u0142-Karg, Publishing House of the Faculty of Political Science and Journalism \u2013 Adam Mickiewicz University, Pozna\u0144 2007, p. 205.<\/li>\n<li>[Women in the Modern Europe. The Role of Women in political market, in politics ans in the social life] Kobiety we wsp\u00f3\u0142czesnej Europie. Rola i miejsce kobiet na rynku pracy, w polityce i spo\u0142ecze\u0144stwie,&nbsp; ed. M. Musia\u0142-Karg, Adam Marsza\u0142ek Publisher, Toru\u0144 2009, p. 275.<\/li>\n<li><i>[<\/i><i>The European Union<\/i> <i>in 2008.<\/i> <i>Current<\/i> I<i>ssues and<\/i> <i>Key Challenges] <\/i>Unia Europejska w 2008 roku. Aktualne problemy i najwa\u017cniejsze wyzwania, eds. M. Musia\u0142-Karg, T. Wallas, Publishing House of the Faculty of Political Science and Journalism \u2013 Adam Mickiewicz University, Pozna\u0144 2009, p. 295.<\/li>\n<li><i>[Polish-German<\/i> <i>Borderland<\/i> <i>after 2004. A New<\/i> <i>Quality of<\/i> <i>the Neighborhood?<\/i>] Pogranicze polsko-niemieckie po 2004 roku. Nowa jako\u015b\u0107 s\u0105siedztwa?, eds. J. Ja\u0144czak, M. Musia\u0142-Karg, Adam Marsza\u0142ek Publisher, Toru\u0144 2009, p. 286.<\/li>\n<li>[Women in Modern World. The Role and position of women in then political life] Kobiety we wsp\u00f3\u0142czesnym \u015bwiecie. Rola i miejsce kobiet w \u017cyciu politycznym, eds. M. Musia\u0142-Karg, B. Secler, Publishing House of the Faculty of Political Science and Journalism \u2013 Adam Mickiewicz University, Pozna\u0144 2010, p. 214.<\/li>\n<li><i>[The Polish-<\/i><i>German Borderland vs. the European Borders and Border Areas]<\/i> <i>Pogranicze polsko-niemieckie na tle granic i pograniczy Europejskich<\/i>, eds. J. Ja\u0144czak, M. Musia\u0142-Karg, L. Wojnicz,&nbsp; Publishing House of the Faculty of Political Science and Journalism \u2013 Adam Mickiewicz University, Pozna\u0144 2010, p. 197.<\/li>\n<li><i>[Internal and External Borders of the European Union. Between the Openess and Isolation]<\/i> <i>Granice wewn\u0119trzne i zewn\u0119trzne Unii Europejskiej. Pomi\u0119dzy otwarto\u015bci\u0105 a izolacj\u0105<\/i>, red. J. Ja\u0144czak, M. Musia\u0142-Karg, Publishing House of the Faculty of Political Science and Journalism \u2013 Adam Mickiewicz University, Pozna\u0144 2011, p. 234.<\/li>\n<li>[Democracy in face of the New Media. Electronic democracy, elections via the Internet, political campaigning&nbsp; in the net] Demokracja w obliczu nowych medi\u00f3w. Elektroniczna demokracja, wybory przez Internet, kampania w sieci, ed. M. Musia\u0142-Karg, Adam Marsza\u0142ek Publisher, Toru\u0144 2013, p. 244.<\/li>\n<\/ol>\n<p style=\"text-align: justify;\"><b>&nbsp;Articles in scientific <\/b><b>journals (in English)<\/b><\/p>\n<ol style=\"text-align: justify;\">\n<li>M. Musia\u0142-Karg (2007), <i>Direct Democratic Practice At the Local and Cantonal Level in Switzerland<\/i>, \u201cStudia Polityczne\u201d, no. 19, p. 53-66.<\/li>\n<li>M. Musia\u0142-Karg, (2009) The <i>Role of the Internet in Contemporary Democracies<\/i>, \u201cPolish Political Science Yearbook\u201d, p. 157-167.<\/li>\n<li>M. Musia\u0142-Karg, (2010), <i>E-voting as a New Form of Civic Participation in Democratic Procedures<\/i>, \u201cPolish Political Science Yearbook\u201d no XXXIX, p. 72-87.<\/li>\n<li>M. Musia\u0142-Karg, (2011), <i>The Theory and Practice of Online Voting. The Case of Estonia (selected issue<\/i>s), \u201cAthenaeum. Polish Political Science Studies\u201d, no. 29, p. 180-198.<\/li>\n<li>M. Musia\u0142-Karg, (2012), <i>Electronic democracy and its organization &#8211; a revolution or a modernization? The example of e-voting<\/i>, \u201cPolitbook\u201d, no. 2, p. 131-141.<\/li>\n<li>M. Musia\u0142-Karg, (2012) <i>Is Electronic Voting a Panacea for a Low Turnout? Examples of Estonian e-Elections and Swiss e-Referendums<\/i>, \u201cPolish Political Science Yearbook\u201d, p. 428-443.<\/li>\n<\/ol>\n<p style=\"text-align: justify;\"><b>Articles in scientific <\/b><b>journals (in Polish)<\/b><\/p>\n<ol style=\"text-align: justify;\">\n<li>M. Musia\u0142-Karg, (2009) <i>[Electronic voting<\/i><i> as part of e-democracy &#8211; experience of the Swiss Canton of Zurych]<\/i> <i>G\u0142osowanie elektroniczne jako element e-demokracji na przyk\u0142adzie do\u015bwiadcze\u0144 kantonu Zurych<\/i>, \u201ePrzegl\u0105d Politologiczny\u201d no 2, p. 27-40.<\/li>\n<li>M. Musia\u0142-Karg, (2010), <i>[E-voting<\/i><i> &#8211; a new challenge for democracy?]<\/i> <i>G\u0142osowanie elektroniczne \u2013 nowe wyzwanie dla demokracji?<\/i>, \u201ePrzegl\u0105d Politologiczny\u201d no. 4, p. 123-134.<\/li>\n<li>M. Musia\u0142-Karg, (2011), [<i>Methods of increasing<\/i><i> voter turnout. Poland and the experiences of other countries<\/i><i>] Metody zwi\u0119kszania frekwencji wyborczej. Polska a do\u015bwiadczenia innych pa\u0144stw<\/i>, \u201e\u015arodkowoeuropejskie Studia Polityczne\u201d, no. 2, p. 77-100.<\/li>\n<li>M. Musia\u0142-Karg, (2011), <i>Internetowe g\u0142osowanie w E-stonii na przyk\u0142adzie wybor\u00f3w w latach 2005- 2009<\/i>, \u201ePrzegl\u0105d Politologiczny\u201d nr 3, s. 99-118.<\/li>\n<li>M. Musia\u0142-Karg, (2013), [<i>Pre-election Silence in the Era of the Internet<\/i>]<i> Cisza wyborcza w dobie Internetu<\/i>, \u201ePrzegl\u0105d Sejmowy\u201d no 3, p. 25-42.<\/li>\n<\/ol>\n<p style=\"text-align: justify;\"><b>&nbsp;Chapters in books (in English)<\/b><\/p>\n<ol style=\"text-align: justify;\">\n<li>M. Musia\u0142-Karg, (2007), <i>Direct Democratic Government in the European Union<\/i>, [in:] <i>Rediscovering Europe: Political Challenges in the 21st Century EU<\/i>, ed. J. Ja\u0144czak, Publishing House of the Insitute of Political Science and Journalism \u2013 Adam Mickiewicz University, Pozna\u0144 2007, p. 35-46.<\/li>\n<li>M. Musia\u0142-Karg, (2008), <i>Eastern Dimension \u2013 the Role of Poland<\/i>, [in:] Beyond<i> Borders. External Relations of the European Union<\/i>, ed. Jaros\u0142aw Ja\u0144czak, Publishing House of the Faculty of Political Science and Journalism \u2013 Adam Mickiewicz University, Pozna\u0144, p. 47-57.<\/li>\n<li>M. Musia\u0142-Karg, (2009), S\u0142ubice-Frankfurt (Oder). Cooperation in a Divided City in the Polish-German Border, [in:]<b> <\/b>Conflict and Cooperation In Divided Cities, ed. J. Ja\u0144czak, Logos Verlag Berlin, Berlin, p. 150-166<\/li>\n<li>M. Musia\u0142-Karg, (2010), E-voting (As a Form of E-Democracy) in the European Countries, [w:] Explorations in eGovernment and eGovernance, vol. 2 Selected Proceedings of the Second International Conference on eGovernment and eGovernance, red. A. Balci, C. Can Actan, O. Dalbay, Antalya, p. 153-162.<\/li>\n<li>M. Musia\u0142-Karg, (2011) The Political Market and the Application of the Internet [w:] EDEM2011. Proceedings of the 5<sup>th<\/sup> Conference on Electronic Democracy 2011, red. A. Prosser, Austrian Computer Society, Vienna 2011, p. 67-76.<\/li>\n<li>M. Musia\u0142-Karg, (2011) Switzerland\u2019s stance towards the Arab Spring of Nations, [in:] The Arab Spring, ed. B. Przybylska-Maszner, Publishing House of the Insitute of Political Science and Journalism \u2013 Adam Mickiewicz University, Pozna\u0144, s. 179-194.<\/li>\n<li>M. Musia\u0142-Karg, (2012), <i>Switzerland\u2019s German and Italian \u201cIslands\u201d &#8211; B\u00fcsingen and Campione d\u2019It\u00e0lia<\/i>, [in:] <i>European Exclaves in the Process of De-bordering and Re-bordering<\/i>, eds. J. Ja\u0144czak, P. Osiewicz, Logos Verlag, Berlin, p.&nbsp; 31-44.<\/li>\n<\/ol>\n<p style=\"text-align: justify;\"><b>Chapters in books (in Polish) <\/b><\/p>\n<ol style=\"text-align: justify;\">\n<li>M. Musia\u0142-Karg, (2008), <i>[Participatory democracy in Swiss cantons and municipalities] Kszta\u0142towanie demokracji partycypacyjnej na przyk\u0142adzie kanton\u00f3w i gmin w Szwajcari<\/i>i, [in:] <i>Przyw\u00f3dztwo lokalne a kszta\u0142towanie demokracji partycypacyjnej<\/i>, eds. S. Micha\u0142owski, K. Ku\u0107-Czajkowska, UMCS Publisher, Lublin, p. 427-440.<\/li>\n<li>M. Musia\u0142-Karg, (2008), <i>[Politicians and the Internet. The use of modern technologies by politicians of Lubuskie and Podlaskie regions]<\/i> <i>Politycy i Internet. <\/i><i>Wykorzystanie nowych technologii przez polityk\u00f3w wojew\u00f3dztwa lubuskiego i podlaskiego<\/i>, [in:] <i>Oblicze polityczne region\u00f3w Polski. Elity i spo\u0142ecze\u0144stwo<\/i>, ed. M. Dajnowicz, Publishing House of&nbsp; Wy\u017csza Szko\u0142a Finans\u00f3w i Zarz\u0105dzania in Bia\u0142ymstok, Bia\u0142ystok, p. 359-375.<\/li>\n<li>M. Musia\u0142-Karg, (2009),<i> [Electronic Democracy \u2013 the use of new technologies in political life] <\/i>&nbsp;&nbsp;<i>Elektroniczna demokracja \u2013 wykorzystanie nowych technologii w \u017cyciu politycznym<\/i>, [in:] <i>Wsp\u00f3\u0142czesne pa\u0144stwo. Wybrane problemy<\/i>, ed. S. Wr\u00f3bel, Publishinh House of Wy\u017csza Szko\u0142a Bankowa in Pozna\u0144, Pozna\u0144-Chorz\u00f3w, p. 151-168.<\/li>\n<li>M. Musia\u0142-Karg, (2011), <i>[Impact of<\/i><i> the <\/i><i>ICT<\/i><i> tools <\/i><i>on political life<\/i>] <i>Wp\u0142yw ICT na \u017cycie polityczne<\/i>, [in:] <i>Nowe media we sp\u00f3\u0142czesnym \u015bwiecie<\/i>, eds. M. Jezi\u0144ski, A. Seklecka, \u0141. Wojtkowski, Publishing House of UMK, Toru\u0144, p. 275-292.<\/li>\n<li>M. Musia\u0142-Karg, (2011), <i>[Electronic voting<\/i><i>. Motives of implementation of new forms of electoral participation<\/i>] <i>G\u0142osowanie elektroniczne. Motywy wdra\u017cania nowych form uczestnictwa wyborczego<\/i>, [in:] <i>Dylematy wsp\u00f3\u0142czesnej demokracji<\/i>, ed. S. Wr\u00f3bel, Adam Marsza\u0142ek Publisher, Toru\u0144, p. 301-314.<\/li>\n<li>M. Musia\u0142-Karg, (2013), <i>[Direct Democracy in the face of using the New Technologies] Demokracja bezpo\u015brednia w obliczu zastosowania nowych technologii<\/i>, [in:] <i>Demokracja w obliczu nowych medi\u00f3w. Elektroniczna demokracja, wybory przez Internet, kampania w sieci \u2013 teoria, do\u015bwiadczenia, perspektywy<\/i>, ed. M. Musia\u0142-Karg, Adam Marsza\u0142ek Publisher, Toru\u0144, p. 86-114.<\/li>\n<li>M. Musia\u0142-Karg, (2013), [<i>Electronic Voting. Some dilemmas on e-voting<\/i>] <i>Elektroniczne g\u0142osowanie. Wybrane dylematy wok\u00f3\u0142 e-voting<\/i>, [in:] <i>Demokracja elektroniczna \u2013 kontrowersje i dylematy<\/i>, ed. M. Marczewska-Rytko, Publishing House of UMSC, Lublin.<\/li>\n<\/ol>\n<div style=\"text-align: justify;\">\n<hr size=\"1\" width=\"33%\" align=\"left\">\n<div>[1] Translations of texts published in the Polish language are placed in brackets.<\/div>\n<\/div>\n<p><\/p>","protected":false},"excerpt":{"rendered":"<p>Magdalena Musia\u0142-Karg \u2013 Assistant Professor at the Faculty of Political Science and Journalism of Adam Mickiewicz University in Pozna\u0144. Specializes in fields connected with direct democracy and implementation of modern technologies into voting processes (e-voting). The author\u2019s scholarly and research interests focus also on the issues connected with the political participation, role of women in &hellip; <\/p>\n<p class=\"link-more\"><a href=\"http:\/\/helwecja.amu.edu.pl\/en\/o-grupie-badawczej\/magdalena-musial-karg\/\" class=\"more-link\">Continue reading<span class=\"screen-reader-text\"> &#8220;Magdalena Musia\u0142-Karg&#8221;<\/span><\/a><\/p>\n","protected":false},"author":1,"featured_media":0,"parent":17,"menu_order":0,"comment_status":"closed","ping_status":"closed","template":"","meta":{"footnotes":""},"class_list":["post-86","page","type-page","status-publish","hentry"],"_links":{"self":[{"href":"http:\/\/helwecja.amu.edu.pl\/en\/wp-json\/wp\/v2\/pages\/86","targetHints":{"allow":["GET"]}}],"collection":[{"href":"http:\/\/helwecja.amu.edu.pl\/en\/wp-json\/wp\/v2\/pages"}],"about":[{"href":"http:\/\/helwecja.amu.edu.pl\/en\/wp-json\/wp\/v2\/types\/page"}],"author":[{"embeddable":true,"href":"http:\/\/helwecja.amu.edu.pl\/en\/wp-json\/wp\/v2\/users\/1"}],"replies":[{"embeddable":true,"href":"http:\/\/helwecja.amu.edu.pl\/en\/wp-json\/wp\/v2\/comments?post=86"}],"version-history":[{"count":6,"href":"http:\/\/helwecja.amu.edu.pl\/en\/wp-json\/wp\/v2\/pages\/86\/revisions"}],"predecessor-version":[{"id":9908,"href":"http:\/\/helwecja.amu.edu.pl\/en\/wp-json\/wp\/v2\/pages\/86\/revisions\/9908"}],"up":[{"embeddable":true,"href":"http:\/\/helwecja.amu.edu.pl\/en\/wp-json\/wp\/v2\/pages\/17"}],"wp:attachment":[{"href":"http:\/\/helwecja.amu.edu.pl\/en\/wp-json\/wp\/v2\/media?parent=86"}],"curies":[{"name":"wp","href":"https:\/\/api.w.org\/{rel}","templated":true}]}}