{"id":185,"date":"2013-06-26T22:55:55","date_gmt":"2013-06-26T20:55:55","guid":{"rendered":"http:\/\/helwecja.amu.edu.pl\/?page_id=185"},"modified":"2019-01-11T14:04:19","modified_gmt":"2019-01-11T13:04:19","slug":"tomasz-r-szymczynski","status":"publish","type":"page","link":"http:\/\/helwecja.amu.edu.pl\/en\/o-grupie-badawczej\/tomasz-r-szymczynski\/","title":{"rendered":"Tomasz R. Szymczy\u0144ski"},"content":{"rendered":"<p><\/p>\n<p style=\"text-align: justify;\"><b><img loading=\"lazy\" decoding=\"async\" class=\"miniatura alignleft\" src=\"http:\/\/helwecja.amu.edu.pl\/wp-content\/uploads\/2013\/06\/szymczynski1-233x300.jpg\" alt=\"Tomasz R. Szymczy\u0144ski\" width=\"151\" height=\"194\" \/><\/b><\/p>\n<p style=\"text-align: justify;\"><b>Tomasz R. Szymczy\u0144<\/b><b>ski<\/b> \u2013 professor at the Faculty of Political Science and Journalism at Adam MickiewiczUniversity in Pozna\u0144 \u2013 Poland (since 2003).PhD thesis defended at Institute of Political Science and Journalism (Faculty of Social Sciences &#8211; FSS AMU). Holder of the Europa Fellows Scholarship, within which six semesters he was matriculated at the Faculty of\u00a0 Cultural Studies (DE:Kulturwissenschaften Fakult\u00e4t) at Europa University Viadrina \u2013 EUV in Frankfurt\/Oder as a participant of doctoral studies (2000-2003). MA thesis defended at Institute of Sociology FSS AMU (1998). MA Graduate of the European Studies at the Faculty of Law and Administration (1993-1998). His major scientific interests include hermeneutical perspective in the field of Political Science in its\u2019 European integration process dimension, dilemmas over understanding of the democracy concept, external relations of the EU, as well as questions on cultural identity and intercultural communication.Recently he published in Polish language version the book devoted to the application of Hans-Georg Gadamers hermeneutics on the EU democratic deficit phenomenon: <em>Horyzonty sporu wok\u00f3\u0142 istoty zjawiska deficytu demokratycznego w Unii Europejskiej<\/em> [EN: <em>Horizons of contention over the essence of the democratic deficit phenomenon in the European Union<\/em>], Dom Wydawniczy ELIPSA, Warszawa 2013.<\/p>\n<p style=\"text-align: justify;\"><b>E-mail: <\/b><a href=\"mailto:tomasz.szymczynski@amu.edu.pl\"><i>tomasz.szymczynski@amu.edu.pl<\/i><\/a><\/p>\n<p style=\"text-align: justify;\"><b>Research interests areas:<\/b><\/p>\n<ul style=\"text-align: justify;\">\n<li>Hermeneutical perspective within the methodology of humanities and social sciences<\/li>\n<li>Cultural dimension of the EU and its\u2019 external relations<\/li>\n<li>Cultural dimension of BRIC<\/li>\n<li>Philosophical hermeneutics of Hans-Georg Gadamer<\/li>\n<li>Interpretative sociology of Max Weber<\/li>\n<li>Reflexive theory of practice of Pierre Bourdieu<\/li>\n<li>Social constructivism of Alexander Wendt<\/li>\n<\/ul>\n<p style=\"text-align: center;\" align=\"center\"><b>Selected publications<\/b><\/p>\n<p style=\"text-align: justify;\"><b>Books:<\/b><\/p>\n<ol style=\"text-align: justify;\">\n<li><a href=\"http:\/\/elipsa.pl\/pl\/p\/Horyzonty-sporu-wokol-istoty-zjawiska-deficytu-demokratycznego-w-Unii-Europejskiej-Tomasz-R.-Szymczynski\/725\">T.R. Szymczy\u0144ski, <i>Horyzonty sporu wok\u00f3\u0142 istoty zjawiska deficytu demokratycznego w Unii Europejskiej<\/i>, Dom Wydawniczy ELIPSA, Warszawa 2013<\/a>. (EN: <i>Horizons of contention over the essence of the democratic deficit phenomenon in the European Union<\/i>)<\/li>\n<li><a href=\"http:\/\/www.wnpid.amu.edu.pl\/pl\/publikacje-ksiazkowe\/publikacje-ksiazkowe-2009\/2145-negocjowanie-granic-od-szostki-do-dziewiatki-rozszerzenie-polnocne-wspolnot-europejskich-1973-wielka-brytania-dania-irlandia-w-we-tom-i.html\">T.R. Szymczy\u0144ski, <i>Negocjowanie granic: od \u201eSz\u00f3stki\u201d do \u201eDziewi\u0105tki\u201d. Rozszerzenie p\u00f3\u0142nocne Wsp\u00f3lnot Europejskich (1973): Wielka Brytania, Dania, Irlandia w WE<\/i>, Wydawnictwo Naukowe WNPiD UAM, Pozna\u0144 2009, t. I. <\/a>(EN: <i>Negotiating Boundaries: from \u201cSix\u201d to \u201cNine\u201d. Northern EC Enlargement (1973): United Kingdom, Denmark, Ireland in EC, Vol. <\/i><i>I<\/i>)<\/li>\n<li><a href=\"http:\/\/www.wnpid.amu.edu.pl\/pl\/publikacje-ksiazkowe\/publikacje-ksiazkowe-2009\/2147-negocjowanie-granic-od-dwunastki-do-pietnastki-rozszerzenie-polnocne-unii-europejskiej-1995-austria-szwecja-finlandia-w-ue-tom-iii.html\">T.R. Szymczy\u0144ski, <i>Negocjowanie granic: od \u201eDziewi\u0105tki\u201d do \u201eDwunastki\u201d. Rozszerzenie po\u0142udniowe Wsp\u00f3lnot Europejskich (1981-1986): Grecja, Hiszpania, Portugalia w WE<\/i>, Wydawnictwo Naukowe WNPiD UAM, Pozna\u0144 2009, t. II. <\/a>(EN: <i>Negotiating Boundaries: from \u201cNine\u201d to \u201cTwelve\u201d. Southern EC Enlargement (1981-86): Greece, Spain, Portugal in EC, Vol.II.<\/i><\/li>\n<li><a href=\"http:\/\/www.wnpid.amu.edu.pl\/pl\/publikacje-ksiazkowe\/publikacje-ksiazkowe-2009\/2147-negocjowanie-granic-od-dwunastki-do-pietnastki-rozszerzenie-polnocne-unii-europejskiej-1995-austria-szwecja-finlandia-w-ue-tom-iii.html\">T.R. Szymczy\u0144ski, <i>Negocjowanie granic: od \u201eDwunastki\u201d\u00a0 do \u201ePi\u0119tnastki\u201d. Rozszerzenie p\u00f3\u0142nocne Unii Europejskiej (1995): Austria, Szwecja, Finlandia w UE<\/i>, Wydawnictwo Naukowe WNPiD UAM, Pozna\u0144 2009, t. I<\/a><a href=\"http:\/\/www.wnpid.amu.edu.pl\/pl\/publikacje-ksiazkowe\/publikacje-ksiazkowe-2009\/2147-negocjowanie-granic-od-dwunastki-do-pietnastki-rozszerzenie-polnocne-unii-europejskiej-1995-austria-szwecja-finlandia-w-ue-tom-iii.html\">II. <\/a>(EN: <i>Negotiating Boundaries: from \u201cTwelve\u201d to \u201cFifteen\u201d. <\/i><i>Northern EU Enlargement (1995): Austria, Sweden, Finland in EU, Vol. <\/i><i>III<\/i>)<\/li>\n<\/ol>\n<p style=\"text-align: justify;\"><b>Books co-written:<\/b><\/p>\n<ol style=\"text-align: justify;\">\n<li>Z.W. Pu\u015blecki, M. Walkowski, T.R. Szymczy\u0144ski, <i>Unia Europejska wobec wzrostu konkurencyjno\u015bci Brazylii, Rosji, Indii i Chin (BRIC)<\/i>, Dom Wydawniczy ELIPSA, Warszawa 2011. (EN: <i>European Union and the Competition Growth of Brazil, Russia, India and China &#8211; BRIC<\/i>)<\/li>\n<\/ol>\n<p style=\"text-align: justify;\"><b>Books edited:<\/b><\/p>\n<ol style=\"text-align: justify;\">\n<li><a href=\"http:\/\/www.wnpid.amu.edu.pl\/pl\/publikacje-ksiazkowe\/publikacje-ksiazkowe-2009\/2148-negocjowanie-granic-od-ue-15-negocjowanie-granic-od-ue-15-do-ue-27-rozszerzenie-wschodnie-unii-europejskiej-czesc-pierwsza-grupa-luksemburska-2004-estonia-polska-republika-czeska-slowenia-wegry-cypr-w-ue-tom-iv.html\"><i>Negocjowanie granic: od \u201eUE-15\u201d do \u201eUE-27\u201d. Rozszerzenie wschodnie Unii Europejskiej. Cze\u015b\u0107 pierwsza \u2013 \u2018grupa luksemburska\u2019 (2004): Estonia, Polska, Republika Czeska, S\u0142owenia, W\u0119gry, Cypr w UE<\/i>, (red.) T.R. Szymczy\u0144ski, Wydawnictwo Naukowe WNPiD UAM, Pozna\u0144 2009, t. IV. <\/a>(EN: <i>Negotiating Boundaries: from \u201cEU-15\u201d to \u201cEU-27\u201d. Eastern EU Enlargement. Part One &#8211; \u201cLuxembourg Group\u201d (2004):Estonia, Poland, Czech Republic, Slovenia, Hungary, Cyprus in EU, Vol. <\/i><i>IV<\/i>)<\/li>\n<li><a href=\"http:\/\/www.wnpid.amu.edu.pl\/pl\/publikacje-ksiazkowe\/publikacje-ksiazkowe-2009\/2149-negocjowanie-granic-od-ue-15-do-ue-27-rozszerzenie-wschodnie-unii-europejskiej-czesc-druga.html\"><i>Negocjowanie granic: od \u201eUE-15\u201d do \u201eUE-27\u201d, Rozszerzenie wschodnie Unii Europejskiej. Cze\u015b\u0107 druga \u2013 \u2018grupa helsi\u0144ska\u2019 (2004-2007): Litwa, \u0141otwa, S\u0142owacja, Malta, Bu\u0142garia, Rumunia w UE<\/i>, (red.) T.R. Szymczy\u0144ski, Wydawnictwo Naukowe WNPiD UAM, Pozna\u0144 2009, t. V. <\/a>(EN: <i>Negotiating Boundaries: from \u201cEU-15\u201d to \u201cEU-27\u201d. Eastern EU Enlargement. Part Two &#8211; \u201cHelsinki Group\u201d (2004-07):Lithuania, Latvia, Slovakia, Malta, Bulgaria, Romania\u00a0 in EU, Vol. V<\/i>)<\/li>\n<\/ol>\n<p style=\"text-align: justify;\"><strong>B<\/strong><b>ooks co-edited:<\/b><\/p>\n<ol style=\"text-align: justify;\">\n<li><i>Priorytety prezydencji Polski w Radzie Unii Europejskiej. Analiza politologiczna,<\/i> (red.)Z. Czach\u00f3r, T.R. Szymczy\u0144ski, Wydawnictwo Naukowe PWN, Warszawa 2011. (EN: <i>Priorities of the Polish Presidency in the European Union. Political Scientist Analysis<\/i>)<\/li>\n<li><i>The Experiences of the 1995 Enlargement. Sweden, Finland and Austria in the European Union<\/i>, (red.) J. Ja\u0144czak, T.R. Szymczy\u0144ski, Logos; \u201cThematicon\u201d, Bd 9; Berlin 2003.<\/li>\n<\/ol>\n<p style=\"text-align: justify;\"><strong>E<\/strong><b>ditor of the editorial series:<\/b><\/p>\n<ol style=\"text-align: justify;\">\n<li>Editorialseries:<i> Rozszerzeniowy wymiar procesu integracji europejskiej<\/i>, t. I-V. (EN: <i>Enlarging dimension of the European integration process<\/i>, Vol. I-V)<\/li>\n<\/ol>\n<p style=\"text-align: justify;\"><b>Translations:<\/b><\/p>\n<ol style=\"text-align: justify;\">\n<li>D. M\u00fcller, H. Smekal, <i>Droga republiki Czeskiej do cz\u0142onkostwa w Unii Europejskiej<\/i>, (w:) <i>Negocjowanie granic: od \u201eUE-15\u201d do \u201eUE-27\u201d. Rozszerzenie wschodnie Unii Europejskiej. Cze\u015b\u0107 pierwsza \u2013 \u2018grupa luksemburska\u2019 (2004): Estonia, Polska, Republika Czeska, S\u0142owenia, W\u0119gry, Cypr w UE<\/i>, (red.) T.R. Szymczy\u0144ski, Wydawnictwo Naukowe WNPiD UAM, Pozna\u0144 2009, t. IV, s. 57-92.<\/li>\n<\/ol>\n<p style=\"text-align: justify;\"><b>Selected articles:<\/b><\/p>\n<ol>\n<li>T.R. Szymczy\u0144ski,<i>Prezydencja w Unii Europejskiej. Teoretyczne i praktyczne aspekty z perspektywy podej\u015bcia Pierre\u2019a Bourdieu<\/i>, w: Z. Czach\u00f3r, T.R. Szymczy\u0144ski (red.), <i>Priorytety prezydencji Polski w Radzie Unii Europejskiej. Analizapolitologiczna<\/i>, WydawnictwoNaukowe PWN, Warszawa 2011, s. 51-82. (EN: <i>Presidency in the European Union. Theoretical and practical aspects from the Pierre Bourdieu perspective.<\/i><\/li>\n<li>T.R. Szymczy\u0144ski, <em>The<\/em><em> Challenge of the Conceptualizations in Journalism. On Myths and Facts Regarding the Media Coverage of the Europeanization and Globalization Processes<\/em>, (in:) <em>News in Europe, Europe on News<\/em>, (ed.) A. St\u0119pi\u0144ska, \u03bbo\u03b3o\u03c2 &#8211; Logos Verlag, Berlin 2011, pp. 63-82.<\/li>\n<li>T.R. Szymczy\u0144ski,<i>On Some Consequences of the Contemporary Shape of the European Referendum<\/i>, (w:) <i>The Road Europe Travelled Along. The Evolution of the EEC\/EU Institutions and Policies<\/i> (red.) D. Preda, D. Pasquinucci, Series: Euroclio \u2013 Vol. 54, Peter Lang, Bruxelles 2010, s. 133-150.<\/li>\n<li>T.R. Szymczy\u0144ski,<i>Droga Malty do cz\u0142onkostwa w Unii Europejskiej<\/i>, (w:) <i>Negocjowanie granic: od \u201eUE-15\u2033 do \u201eUE-27\u2033, Rozszerzenie wschodnie Unii Europejskiej. Cze\u015b\u0107 druga- \u201egrupa helsi\u0144ska\u201d (2004-2007): Litwa, \u0141otwa, S\u0142owacja, Malta, Bu\u0142garia, Rumunia w UE<\/i>, (red.) T.R. Szymczy\u0144ski, Wydawnictwo Naukowe WNPiD UAM, Pozna\u0144 2009, t. V, s. 109-150. (EN: <i>The Road of Republic of Malta towards the European Union Membership<\/i>)<\/li>\n<li>T.R. Szymczy\u0144ski, <i>Ireland, the Lisbon Treaty and the European Referendum<\/i>, \u201eEuropean Governance\u201d, URGE, Vol. 2, No. 2, July 2008;\u00a0 <a href=\"http:\/\/www.urge.it\/eg.html#publications\">http:\/\/www.urge.it\/eg.html#publications<\/a><b>.<\/b><\/li>\n<li>T.R. Szymczy\u0144ski,<i>Dylematy wok\u00f3\u0142 instytucji referendum europejskiego<\/i>, \u201eRocznik Integracji Europejskiej\u201d, INPiD UAM, Pozna\u0144, 1\/2007, s. 237-251. (EN: <i>Dilemmas Concerning the Institution of European Referendum).<\/i><\/li>\n<li>T.R. Szymczy\u0144ski,<i>Dylematy wok\u00f3\u0142 klasyfikacji instytucji referendum europejskiego<\/i>, (w:)<i>Dok\u0105d zmierza Europa?<\/i> (red.) Z. Drozdowicz, M. Iwaszkiewicz, Humaniora, Pozna\u0144 2007, s. 159-166. (EN: <i>Dilemmas around Classification of the European Referendum Institution<\/i>)<\/li>\n<li>T.R. Szymczy\u0144ski, <i>Problematyka zjawiska deficytu demokratycznego w Unii Europejskiej \u2013 stan obecny oraz perspektywy<\/i>, (w:)<i>Stary kontynent w nowym tysi\u0105cleciu<\/i>, (red.) Z. Drozdowicz, Humaniora, Pozna\u0144 2002, s. 59-73. (EN: <i>Democratic Deficit Phenomenon in the European Union &#8211; Presence and Perspectives<\/i>)<\/li>\n<li>T.R. Szymczy\u0144ski,<i> Zasada elastyczno\u015bci w procesie integracji europejskiej. Za\u0142o\u017cenia, praktyka, perspektywy. Wnioski dla Polski<\/i>, (w:) <i>Proces integracji ekonomicznej Polski z Uni\u0105 Europejsk\u0105<\/i>, (red.) Z.W. Pu\u015blecki, UAM, Pozna\u0144 2001, s. 101-138. (EN: <i>Flexibility Rule in the European Integration Process: Assumptions, Practice, Perspectives<\/i>)<\/li>\n<\/ol>\n<p><\/p>\n\n\n<p><\/p>","protected":false},"excerpt":{"rendered":"<p>Tomasz R. Szymczy\u0144ski \u2013 professor at the Faculty of Political Science and Journalism at Adam MickiewiczUniversity in Pozna\u0144 \u2013 Poland (since 2003).PhD thesis defended at Institute of Political Science and Journalism (Faculty of Social Sciences &#8211; FSS AMU). Holder of the Europa Fellows Scholarship, within which six semesters he was matriculated at the Faculty of\u00a0 &hellip; <\/p>\n<p class=\"link-more\"><a href=\"http:\/\/helwecja.amu.edu.pl\/en\/o-grupie-badawczej\/tomasz-r-szymczynski\/\" class=\"more-link\">Continue reading<span class=\"screen-reader-text\"> &#8220;Tomasz R. Szymczy\u0144ski&#8221;<\/span><\/a><\/p>\n","protected":false},"author":1,"featured_media":0,"parent":17,"menu_order":0,"comment_status":"closed","ping_status":"closed","template":"","meta":{"footnotes":""},"class_list":["post-185","page","type-page","status-publish","hentry"],"_links":{"self":[{"href":"http:\/\/helwecja.amu.edu.pl\/en\/wp-json\/wp\/v2\/pages\/185","targetHints":{"allow":["GET"]}}],"collection":[{"href":"http:\/\/helwecja.amu.edu.pl\/en\/wp-json\/wp\/v2\/pages"}],"about":[{"href":"http:\/\/helwecja.amu.edu.pl\/en\/wp-json\/wp\/v2\/types\/page"}],"author":[{"embeddable":true,"href":"http:\/\/helwecja.amu.edu.pl\/en\/wp-json\/wp\/v2\/users\/1"}],"replies":[{"embeddable":true,"href":"http:\/\/helwecja.amu.edu.pl\/en\/wp-json\/wp\/v2\/comments?post=185"}],"version-history":[{"count":19,"href":"http:\/\/helwecja.amu.edu.pl\/en\/wp-json\/wp\/v2\/pages\/185\/revisions"}],"predecessor-version":[{"id":9946,"href":"http:\/\/helwecja.amu.edu.pl\/en\/wp-json\/wp\/v2\/pages\/185\/revisions\/9946"}],"up":[{"embeddable":true,"href":"http:\/\/helwecja.amu.edu.pl\/en\/wp-json\/wp\/v2\/pages\/17"}],"wp:attachment":[{"href":"http:\/\/helwecja.amu.edu.pl\/en\/wp-json\/wp\/v2\/media?parent=185"}],"curies":[{"name":"wp","href":"https:\/\/api.w.org\/{rel}","templated":true}]}}