{"id":147,"date":"2013-05-28T17:39:02","date_gmt":"2013-05-28T15:39:02","guid":{"rendered":"http:\/\/helwecja.amu.edu.pl\/?page_id=147"},"modified":"2018-12-22T23:39:58","modified_gmt":"2018-12-22T22:39:58","slug":"marcin-lukaszewski","status":"publish","type":"page","link":"http:\/\/helwecja.amu.edu.pl\/en\/o-grupie-badawczej\/marcin-lukaszewski\/","title":{"rendered":"Marcin \u0141ukaszewski"},"content":{"rendered":"<p><\/p>\n<p style=\"text-align: justify;\"><b>Marcin \u0141ukaszewski <\/b>\u2013 MA, graduate of the Faculty of Political Science and Journalism of Adam Mickiewicz University in Pozna\u0144 (political science in 2010 and international relations in 2011), PhD student of this Faculty and scholarship holder of Polish Minister of Science and Higher Education. He is interested in issues related to political systems: the problem of continuity of state authority (a chapter entitled <em>Does Moldova need a president? The Moldovan political system in crisis since 2009<\/em>), direct democracy, collegial head of state (<em>Kolegialna g\u0142owa pa\u0144stwa we wsp\u00f3\u0142czesnych systemach politycznych<\/em>), with particular emphasis on political systems of European countries (<em>Czy parlament mo\u017ce zmieni\u0107 m\u0119\u017cczyzn\u0119 w kobiet\u0119? Granice i miejsce zasady supremacji parlamentu w brytyjskim porz\u0105dku konstytucyjnym wobec europejskich proces\u00f3w integracyjnych (wybrane problemy)<\/em>). His research interests are focused primarily on European microstates (Andorra, Liechtenstein, Monaco, San Marino, Vatican City).<\/p>\n<p style=\"text-align: justify;\"><b>E-mail: <\/b><em><a href=\"mailto:marcin.lukaszewski@amu.edu.pl\">marcin.lukaszewski@amu.edu.pl<\/a>, <a href=\"mailto:lukaszewskimarcin@o2.pl\">lukaszewskimarcin@o2.pl<\/a><\/em><\/p>\n<p><b>Articles in scientific journals:<\/b><\/p>\n<ol start=\"1\">\n<li style=\"text-align: justify;\"><i>Research on European microstates in social science. Selected methodological and definitional problems<\/i>, \u201cAD ALTA: Journal of Interdisciplinary Research\u201d, 2011, Volume 1, Issue 2.<\/li>\n<li style=\"text-align: justify;\"><i>Obywatelstwo watyka\u0144skie a zasada &gt;&gt;ius sanguinis&lt;&lt; i &gt;&gt;ius soli&lt;&lt;<\/i>, \u201e\u015arodkowoeuropejskie Studia Polityczne\u201d, no. 1\/2010, Pozna\u0144 2010.<\/li>\n<li style=\"text-align: justify;\"><i>Czy renesans monarchii absolutnej? Zmiany w Konstytucji\u00a0 Ksi\u0119stwa Liechtensteinu z 2003 roku<\/i>, \u201eRefleksje\u201d, no. 1\/2010, Pozna\u0144 2010.<\/li>\n<li style=\"text-align: justify;\"><i>Czy parlament mo\u017ce zmieni\u0107 m\u0119\u017cczyzn\u0119 w kobiet\u0119? Granice i miejsce zasady supremacji parlamentu w brytyjskim porz\u0105dku konstytucyjnym wobec europejskich proces\u00f3w integracyjnych (wybrane problemy)<\/i>, \u201ePrzegl\u0105d Politologiczny\u201d, no. 2\/2013, Pozna\u0144 2013.<\/li>\n<li style=\"text-align: justify;\"><i>Kolegialna g\u0142owa pa\u0144stwa we wsp\u00f3\u0142czesnych systemach politycznych<\/i>, \u201e\u015arodkowoeuropejskie Studia Polityczne\u201d, no. 1\/2011, Year IX, Pozna\u0144 2011.<\/li>\n<li style=\"text-align: justify;\"><i>Problem ci\u0105g\u0142o\u015bci w wype\u0142nianiu funkcji g\u0142owy pa\u0144stwa w sytuacji\u00a0 wakatu na tronie we wsp\u00f3\u0142czesnych monarchiach europejskich<\/i>, \u201ee-Politikon &#8211; kwartalnik naukowy O\u015brodka Analiz Politologicznych Uniwersytetu Warszawskiego\u201d, no. II, spring 2012.<\/li>\n<\/ol>\n<p style=\"text-align: justify;\"><b>Chapters in joint publications:<\/b><\/p>\n<ol>\n<li style=\"text-align: justify;\"><i>Does Moldova need a president? The Moldovan political system in crisis since 2009<\/i>, (in:) <i>Central Europe<\/i><i> on the Threshold of the 21st Century: Interdisciplinary Perspectives on Challenges in Politics and Society<\/i>, L. Czechowska, K. Olszewski (eds.), Newcastle 2012.<\/li>\n<li style=\"text-align: justify;\"><i>The Reciprocal Relationship of Political Party and Civil Society: The Case of Palikot\u2019s Movement (Ruch Palikota)<\/i>, (in:) Questions of Civil Society: Category-Position-Functionality, R. Schattkowsky, A. Jarosz (eds.), Newcastle 2013.<\/li>\n<li style=\"text-align: justify;\"><i>Miejsce s\u0142u\u017cby ochrony porz\u0105dku publicznego w systemie politycznym ma\u0142ego pa\u0144stwa. Casus Korpusu \u017bandarmerii Pa\u0144stwa Miasta Watyka\u0144skiego i Pontyfikalnej Gwardii Szwajcarskiej<\/i>, (in:) <i>Przesz\u0142o\u015b\u0107 odleg\u0142a i bliska. Studia z zakresu politologii i historii<\/i>, T. Wallas (ed.), Pozna\u0144 2012.<\/li>\n<li style=\"text-align: justify;\"><i>Ewolucja ustrojowa g\u0142owy pa\u0144stwa w II RP i III RP<\/i>, (in:) <i>Wok\u00f3\u0142 dw\u00f3ch dwudziestoleci. Prace studenckiego Ko\u0142a Naukowego Historii Najnowszej WNPiD UAM<\/i>, E. Lesiewicz, W. Mazurczak (eds.), Pozna\u0144 2011.<\/li>\n<\/ol>\n<p><\/p>","protected":false},"excerpt":{"rendered":"<p>Marcin \u0141ukaszewski \u2013 MA, graduate of the Faculty of Political Science and Journalism of Adam Mickiewicz University in Pozna\u0144 (political science in 2010 and international relations in 2011), PhD student of this Faculty and scholarship holder of Polish Minister of Science and Higher Education. He is interested in issues related to political systems: the problem &hellip; <\/p>\n<p class=\"link-more\"><a href=\"http:\/\/helwecja.amu.edu.pl\/en\/o-grupie-badawczej\/marcin-lukaszewski\/\" class=\"more-link\">Continue reading<span class=\"screen-reader-text\"> &#8220;Marcin \u0141ukaszewski&#8221;<\/span><\/a><\/p>\n","protected":false},"author":1,"featured_media":0,"parent":17,"menu_order":0,"comment_status":"closed","ping_status":"closed","template":"","meta":{"footnotes":""},"class_list":["post-147","page","type-page","status-publish","hentry"],"_links":{"self":[{"href":"http:\/\/helwecja.amu.edu.pl\/en\/wp-json\/wp\/v2\/pages\/147","targetHints":{"allow":["GET"]}}],"collection":[{"href":"http:\/\/helwecja.amu.edu.pl\/en\/wp-json\/wp\/v2\/pages"}],"about":[{"href":"http:\/\/helwecja.amu.edu.pl\/en\/wp-json\/wp\/v2\/types\/page"}],"author":[{"embeddable":true,"href":"http:\/\/helwecja.amu.edu.pl\/en\/wp-json\/wp\/v2\/users\/1"}],"replies":[{"embeddable":true,"href":"http:\/\/helwecja.amu.edu.pl\/en\/wp-json\/wp\/v2\/comments?post=147"}],"version-history":[{"count":6,"href":"http:\/\/helwecja.amu.edu.pl\/en\/wp-json\/wp\/v2\/pages\/147\/revisions"}],"predecessor-version":[{"id":9900,"href":"http:\/\/helwecja.amu.edu.pl\/en\/wp-json\/wp\/v2\/pages\/147\/revisions\/9900"}],"up":[{"embeddable":true,"href":"http:\/\/helwecja.amu.edu.pl\/en\/wp-json\/wp\/v2\/pages\/17"}],"wp:attachment":[{"href":"http:\/\/helwecja.amu.edu.pl\/en\/wp-json\/wp\/v2\/media?parent=147"}],"curies":[{"name":"wp","href":"https:\/\/api.w.org\/{rel}","templated":true}]}}